{"id":1394,"date":"2025-02-23T17:26:12","date_gmt":"2025-02-23T17:26:12","guid":{"rendered":"https:\/\/carpatclean.ro\/?page_id=1394"},"modified":"2025-05-11T06:53:45","modified_gmt":"2025-05-11T06:53:45","slug":"curatare_fatade","status":"publish","type":"page","link":"https:\/\/carpatclean.ro\/ro\/curatare_fatade\/","title":{"rendered":"Cur\u0103\u021bare Fa\u021bade"},"content":{"rendered":"\t\t<div data-elementor-type=\"wp-page\" data-elementor-id=\"1394\" class=\"elementor elementor-1394\">\n\t\t\t\t<div class=\"elementor-element elementor-element-5f70369 e-flex e-con-boxed e-con e-parent\" data-id=\"5f70369\" data-element_type=\"container\" data-settings=\"{&quot;background_background&quot;:&quot;slideshow&quot;,&quot;background_slideshow_gallery&quot;:[{&quot;id&quot;:36,&quot;url&quot;:&quot;https:\\\/\\\/carpatclean.ro\\\/wp-content\\\/uploads\\\/2025\\\/02\\\/hero00012.jpg&quot;},{&quot;id&quot;:35,&quot;url&quot;:&quot;https:\\\/\\\/carpatclean.ro\\\/wp-content\\\/uploads\\\/2025\\\/02\\\/hero00013.jpg&quot;},{&quot;id&quot;:34,&quot;url&quot;:&quot;https:\\\/\\\/carpatclean.ro\\\/wp-content\\\/uploads\\\/2025\\\/02\\\/hero00014.jpg&quot;},{&quot;id&quot;:33,&quot;url&quot;:&quot;https:\\\/\\\/carpatclean.ro\\\/wp-content\\\/uploads\\\/2025\\\/02\\\/hero00015.jpg&quot;}],&quot;background_slideshow_loop&quot;:&quot;yes&quot;,&quot;background_slideshow_slide_duration&quot;:5000,&quot;background_slideshow_slide_transition&quot;:&quot;fade&quot;,&quot;background_slideshow_transition_duration&quot;:500}\">\n\t\t\t\t\t<div class=\"e-con-inner\">\n\t\t\t\t<div class=\"elementor-element elementor-element-3fcd943 elementor-widget elementor-widget-heading\" data-id=\"3fcd943\" data-element_type=\"widget\" data-widget_type=\"heading.default\">\n\t\t\t\t\t<h1 class=\"elementor-heading-title elementor-size-default\">Cur\u0103\u021bare Fa\u021bade \u0219i Panouri Sandwich<\/h1>\t\t\t\t<\/div>\n\t\t\t\t\t<\/div>\n\t\t\t\t<\/div>\n\t\t<div class=\"elementor-element elementor-element-f194fdc e-flex e-con-boxed e-con e-parent\" data-id=\"f194fdc\" data-element_type=\"container\">\n\t\t\t\t\t<div class=\"e-con-inner\">\n\t\t<div class=\"elementor-element elementor-element-d464c75 e-con-full e-flex e-con e-child\" data-id=\"d464c75\" data-element_type=\"container\">\n\t\t\t\t<div class=\"elementor-element elementor-element-3e205e0 elementor-widget elementor-widget-text-editor\" data-id=\"3e205e0\" data-element_type=\"widget\" data-widget_type=\"text-editor.default\">\n\t\t\t\t\t\t\t\t\t<p>Cur\u0103\u021barea fa\u021badelor \u0219i panourilor sandwich \u2013 Expertiz\u0103 Carpat Clean!<br \/>Folosind tehnologia Softwash \u0219i presiune \u00eenalt\u0103, oferim servicii profesionale de cur\u0103\u021bare exterioar\u0103 pentru:<\/p><ul><li>Panouri sandwich,<\/li><li>Hale industriale,<\/li><li>Fabrica\u021bii, sta\u021bii de benzin\u0103<\/li><li>Case particulare \u0219i institu\u021bii \u2013 \u00een Sepsi\u0219 \u0219i jude\u021bul Covasna.<\/li><\/ul><p>Indiferent de starea suprafe\u021bei, fie c\u0103 este:<\/p><ul><li>Praf \u0219i murd\u0103rie<\/li><li>Moisie sau alge<\/li><li>Uzat\u0103 \u0219i deteriorat\u0103 &#8211; noi v\u0103 aducem fa\u021bada \u00eenapoi la starea ini\u021bial\u0103 cu echipamentele \u0219i experien\u021ba noastr\u0103!<\/li><\/ul><p>De ce s\u0103 alege\u021bi serviciile de cur\u0103\u021bare exterioar\u0103 Carpat Clean?<\/p><ul><li>Tehnologia Softwash \u2013 cur\u0103\u021bare delicat\u0103 dar eficient\u0103 pentru suprafe\u021be sensibile,<\/li><li>Cur\u0103\u021bare cu presiune \u00eenalt\u0103 \u2013 eliminarea rapid\u0103 \u0219i eficient\u0103 a murd\u0103riei persistente,<\/li><li>Solu\u021bii economice \u2013 evita\u021bi costurile mari de renovare sau vopsire,<\/li><li>Mentenan\u021b\u0103 regulat\u0103 \u2013 costuri mult mai mici fa\u021b\u0103 de recondi\u021bion\u0103ri majore.<\/li><\/ul><p>Cur\u0103\u021benie \u0219i estetic\u0103 pentru orice cl\u0103dire! Alege\u021bi serviciile fiabile de cur\u0103\u021bare exterioar\u0103<br \/>Carpat Clean \u0219i economisi\u021bi timp \u0219i bani!<\/p>\t\t\t\t\t\t\t\t<\/div>\n\t\t\t\t<\/div>\n\t\t<div class=\"elementor-element elementor-element-2ad3e21 e-con-full e-flex e-con e-child\" data-id=\"2ad3e21\" data-element_type=\"container\">\n\t\t<div class=\"elementor-element elementor-element-ee4791f e-con-full e-flex e-con e-child\" data-id=\"ee4791f\" data-element_type=\"container\">\n\t\t\t\t<div class=\"elementor-element elementor-element-a985137 elementor-widget elementor-widget-foogallery\" data-id=\"a985137\" data-element_type=\"widget\" data-widget_type=\"foogallery.default\">\n\t\t\t\t<div class=\"elementor-widget-container\">\n\t\t\t\t\tThe gallery was not found!\t\t\t\t<\/div>\n\t\t\t\t<\/div>\n\t\t\t\t<\/div>\n\t\t<div class=\"elementor-element elementor-element-b6f8788 e-con-full e-flex e-con e-child\" data-id=\"b6f8788\" data-element_type=\"container\">\n\t\t\t\t<div class=\"elementor-element elementor-element-d2920ef pp-ic-label-horizontal-top elementor-widget elementor-widget-pp-image-comparison\" data-id=\"d2920ef\" data-element_type=\"widget\" data-widget_type=\"pp-image-comparison.default\">\n\t\t\t\t\t\t\t<div class=\"pp-image-comparison pp-image-comparison-horizontal\" id=\"pp-image-comparison-d2920ef\" data-settings=\"{&quot;visible_ratio&quot;:&quot;0.5&quot;,&quot;orientation&quot;:&quot;horizontal&quot;,&quot;slider_on_hover&quot;:false,&quot;slider_with_handle&quot;:true,&quot;slider_with_click&quot;:false}\">\n\t\t\t<div class=\"pp-before-image\"><img decoding=\"async\" src=\"https:\/\/carpatclean.ro\/wp-content\/plugins\/elementor\/assets\/images\/placeholder.png\" alt=\"\" title=\"\" class=\"pp-before-img\" \/><\/div><div class=\"pp-after-image\"><img decoding=\"async\" src=\"https:\/\/carpatclean.ro\/wp-content\/plugins\/elementor\/assets\/images\/placeholder.png\" alt=\"\" title=\"\" class=\"pp-after-img\" \/><\/div><div class=\"pp-comparison-handle\"><svg aria-hidden=\"true\" class=\"e-font-icon-svg e-fas-caret-left\" viewBox=\"0 0 192 512\" xmlns=\"http:\/\/www.w3.org\/2000\/svg\"><path d=\"M192 127.338v257.324c0 17.818-21.543 26.741-34.142 14.142L29.196 270.142c-7.81-7.81-7.81-20.474 0-28.284l128.662-128.662c12.599-12.6 34.142-3.676 34.142 14.142z\"><\/path><\/svg><svg aria-hidden=\"true\" class=\"e-font-icon-svg e-fas-caret-right\" viewBox=\"0 0 192 512\" xmlns=\"http:\/\/www.w3.org\/2000\/svg\"><path d=\"M0 384.662V127.338c0-17.818 21.543-26.741 34.142-14.142l128.662 128.662c7.81 7.81 7.81 20.474 0 28.284L34.142 398.804C21.543 411.404 0 402.48 0 384.662z\"><\/path><\/svg><\/div><div class=\"pp-image-comparison-overlay\"><div class=\"pp-comparison-label pp-comparison-label-before\"><span>Before<\/span><\/div><div class=\"pp-comparison-label pp-comparison-label-after\"><span>After<\/span><\/div><\/div>\t\t<\/div>\n\t\t\t\t\t\t<\/div>\n\t\t\t\t<\/div>\n\t\t\t\t<\/div>\n\t\t\t\t\t<\/div>\n\t\t\t\t<\/div>\n\t\t<div class=\"elementor-element elementor-element-b93f812 e-flex e-con-boxed e-con e-parent\" data-id=\"b93f812\" data-element_type=\"container\" data-settings=\"{&quot;background_background&quot;:&quot;classic&quot;}\">\n\t\t\t\t\t<div class=\"e-con-inner\">\n\t\t<div class=\"elementor-element elementor-element-9f23048 e-con-full e-flex e-con e-child\" data-id=\"9f23048\" data-element_type=\"container\">\n\t\t\t\t<div class=\"elementor-element elementor-element-29edc41 elementor-widget elementor-widget-text-editor\" data-id=\"29edc41\" data-element_type=\"widget\" data-widget_type=\"text-editor.default\">\n\t\t\t\t\t\t\t\t\t<p>Telefon:\u00a0<a href=\"tel:0725 984 984\">0725 984 984<\/a> Email:\u00a0<a href=\"mailto:carpatclean.office@gmail.com\">carpatclean.office@gmail.com<\/a><\/p>\t\t\t\t\t\t\t\t<\/div>\n\t\t\t\t<div class=\"elementor-element elementor-element-1687cd4 elementor-widget elementor-widget-heading\" data-id=\"1687cd4\" data-element_type=\"widget\" data-widget_type=\"heading.default\">\n\t\t\t\t\t<h3 class=\"elementor-heading-title elementor-size-default\">Solicita\u021bi acum o ofert\u0103 gratuit\u0103!<\/h3>\t\t\t\t<\/div>\n\t\t\t\t<\/div>\n\t\t\t\t<div class=\"elementor-element elementor-element-760d909 elementor-mobile-align-center elementor-align-right elementor-widget__width-initial elementor-tablet-align-center elementor-widget-tablet__width-inherit elementor-widget elementor-widget-button\" data-id=\"760d909\" data-element_type=\"widget\" data-widget_type=\"button.default\">\n\t\t\t\t\t\t\t\t\t\t<a class=\"elementor-button elementor-button-link elementor-size-md\" href=\"\/ro\/contact\">\n\t\t\t\t\t\t<span class=\"elementor-button-content-wrapper\">\n\t\t\t\t\t\t\t\t\t<span class=\"elementor-button-text\">Contacteaza<\/span>\n\t\t\t\t\t<\/span>\n\t\t\t\t\t<\/a>\n\t\t\t\t\t\t\t\t<\/div>\n\t\t\t\t\t<\/div>\n\t\t\t\t<\/div>\n\t\t\t\t<\/div>\n\t\t","protected":false},"excerpt":{"rendered":"<p>Cur\u0103\u021bare Fa\u021bade \u0219i Panouri Sandwich Cur\u0103\u021barea fa\u021badelor \u0219i panourilor sandwich \u2013 Expertiz\u0103 Carpat Clean!Folosind tehnologia Softwash \u0219i presiune \u00eenalt\u0103, oferim servicii profesionale de cur\u0103\u021bare exterioar\u0103 pentru: Panouri sandwich, Hale industriale, Fabrica\u021bii, sta\u021bii de benzin\u0103 Case particulare \u0219i institu\u021bii \u2013 \u00een Sepsi\u0219 \u0219i jude\u021bul Covasna. Indiferent de starea suprafe\u021bei, fie c\u0103 este: Praf \u0219i murd\u0103rie Moisie [&hellip;]<\/p>\n","protected":false},"author":1,"featured_media":0,"parent":0,"menu_order":0,"comment_status":"closed","ping_status":"closed","template":"","meta":{"footnotes":""},"class_list":["post-1394","page","type-page","status-publish","hentry"],"blocksy_meta":[],"yoast_head":"<!-- This site is optimized with the Yoast SEO plugin v24.8.1 - https:\/\/yoast.com\/wordpress\/plugins\/seo\/ -->\n<title>Cur\u0103\u021bare Fa\u021bade - Carpat Clean<\/title>\n<meta name=\"robots\" content=\"index, follow, max-snippet:-1, max-image-preview:large, max-video-preview:-1\" \/>\n<link rel=\"canonical\" href=\"https:\/\/carpatclean.ro\/ro\/curatare_fatade\/\" \/>\n<meta property=\"og:locale\" content=\"ro_RO\" \/>\n<meta property=\"og:type\" content=\"article\" \/>\n<meta property=\"og:title\" content=\"Cur\u0103\u021bare Fa\u021bade - Carpat Clean\" \/>\n<meta property=\"og:url\" content=\"https:\/\/carpatclean.ro\/ro\/curatare_fatade\/\" \/>\n<meta property=\"og:site_name\" content=\"Carpat Clean\" \/>\n<meta property=\"article:publisher\" content=\"https:\/\/www.facebook.com\/profile.php?id=61561388845533\" \/>\n<meta property=\"article:modified_time\" content=\"2025-05-11T06:53:45+00:00\" \/>\n<meta property=\"og:image\" content=\"https:\/\/carpatclean.ro\/wp-content\/plugins\/elementor\/assets\/images\/placeholder.png\" \/>\n<meta name=\"twitter:card\" content=\"summary_large_image\" \/>\n<meta name=\"twitter:label1\" content=\"Timp estimat pentru citire\" \/>\n\t<meta name=\"twitter:data1\" content=\"2 minute\" \/>\n<script type=\"application\/ld+json\" class=\"yoast-schema-graph\">{\"@context\":\"https:\/\/schema.org\",\"@graph\":[{\"@type\":\"WebPage\",\"@id\":\"https:\/\/carpatclean.ro\/ro\/ro\/curatare_fatade\/\",\"url\":\"https:\/\/carpatclean.ro\/ro\/ro\/curatare_fatade\/\",\"name\":\"Cur\u0103\u021bare Fa\u021bade - Carpat Clean\",\"isPartOf\":{\"@id\":\"https:\/\/carpatclean.ro\/#website\"},\"primaryImageOfPage\":{\"@id\":\"https:\/\/carpatclean.ro\/ro\/curatare_fatade\/#primaryimage\"},\"image\":{\"@id\":\"https:\/\/carpatclean.ro\/ro\/curatare_fatade\/#primaryimage\"},\"thumbnailUrl\":\"https:\/\/carpatclean.ro\/wp-content\/plugins\/elementor\/assets\/images\/placeholder.png\",\"datePublished\":\"2025-02-23T17:26:12+00:00\",\"dateModified\":\"2025-05-11T06:53:45+00:00\",\"description\":\"Cur\u0103\u021bare Fa\u021bade \u0219i Panouri Sandwich Cur\u0103\u021barea fa\u021badelor \u0219i panourilor sandwich \u2013 Expertiz\u0103 Carpat Clean!Folosind tehnologia Softwash \u0219i presiune \u00eenalt\u0103,\",\"breadcrumb\":{\"@id\":\"https:\/\/carpatclean.ro\/ro\/curatare_fatade\/#breadcrumb\"},\"inLanguage\":\"ro-RO\",\"potentialAction\":[{\"@type\":\"ReadAction\",\"target\":[\"https:\/\/carpatclean.ro\/ro\/curatare_fatade\/\"]}]},{\"@type\":\"ImageObject\",\"inLanguage\":\"ro-RO\",\"@id\":\"https:\/\/carpatclean.ro\/ro\/curatare_fatade\/#primaryimage\",\"url\":\"https:\/\/carpatclean.ro\/wp-content\/plugins\/elementor\/assets\/images\/placeholder.png\",\"contentUrl\":\"https:\/\/carpatclean.ro\/wp-content\/plugins\/elementor\/assets\/images\/placeholder.png\"},{\"@type\":\"BreadcrumbList\",\"@id\":\"https:\/\/carpatclean.ro\/ro\/curatare_fatade\/#breadcrumb\",\"itemListElement\":[{\"@type\":\"ListItem\",\"position\":1,\"name\":\"Carpat Clean\",\"item\":\"https:\/\/carpatclean.ro\/\"},{\"@type\":\"ListItem\",\"position\":2,\"name\":\"Cur\u0103\u021bare Fa\u021bade\"}]},{\"@type\":\"WebSite\",\"@id\":\"https:\/\/carpatclean.ro\/ro\/#website\",\"url\":\"https:\/\/carpatclean.ro\/ro\/\",\"name\":\"Carpat Clean\",\"description\":\"Servicii de cur\u0103\u021benie zilnic\u0103 sau ocazional\u0103 pentru afaceri\",\"publisher\":{\"@id\":\"https:\/\/carpatclean.ro\/ro\/#organization\"},\"potentialAction\":[{\"@type\":\"SearchAction\",\"target\":{\"@type\":\"EntryPoint\",\"urlTemplate\":\"https:\/\/carpatclean.ro\/ro\/?s={search_term_string}\"},\"query-input\":{\"@type\":\"PropertyValueSpecification\",\"valueRequired\":true,\"valueName\":\"search_term_string\"}}],\"inLanguage\":\"ro-RO\"},{\"@type\":\"Organization\",\"@id\":\"https:\/\/carpatclean.ro\/ro\/#organization\",\"name\":\"Carpat Clean SRL\",\"url\":\"https:\/\/carpatclean.ro\/ro\/\",\"logo\":{\"@type\":\"ImageObject\",\"inLanguage\":\"ro-RO\",\"@id\":\"https:\/\/carpatclean.ro\/ro\/#\/schema\/logo\/image\/\",\"url\":\"https:\/\/carpatclean.ro\/wp-content\/uploads\/2025\/03\/Abstract-Mountain-Logo-1-Photoroom-1.png\",\"contentUrl\":\"https:\/\/carpatclean.ro\/wp-content\/uploads\/2025\/03\/Abstract-Mountain-Logo-1-Photoroom-1.png\",\"width\":2301,\"height\":945,\"caption\":\"Carpat Clean SRL\"},\"image\":{\"@id\":\"https:\/\/carpatclean.ro\/ro\/#\/schema\/logo\/image\/\"},\"sameAs\":[\"https:\/\/www.facebook.com\/profile.php?id=61561388845533\"]}]}<\/script>\n<!-- \/ Yoast SEO plugin. -->","yoast_head_json":{"title":"Cur\u0103\u021bare Fa\u021bade - Carpat Clean","robots":{"index":"index","follow":"follow","max-snippet":"max-snippet:-1","max-image-preview":"max-image-preview:large","max-video-preview":"max-video-preview:-1"},"canonical":"https:\/\/carpatclean.ro\/ro\/curatare_fatade\/","og_locale":"ro_RO","og_type":"article","og_title":"Cur\u0103\u021bare Fa\u021bade - Carpat Clean","og_url":"https:\/\/carpatclean.ro\/ro\/curatare_fatade\/","og_site_name":"Carpat Clean","article_publisher":"https:\/\/www.facebook.com\/profile.php?id=61561388845533","article_modified_time":"2025-05-11T06:53:45+00:00","og_image":[{"url":"https:\/\/carpatclean.ro\/wp-content\/plugins\/elementor\/assets\/images\/placeholder.png","type":"","width":"","height":""}],"twitter_card":"summary_large_image","twitter_misc":{"Timp estimat pentru citire":"2 minute"},"schema":{"@context":"https:\/\/schema.org","@graph":[{"@type":"WebPage","@id":"https:\/\/carpatclean.ro\/ro\/ro\/curatare_fatade\/","url":"https:\/\/carpatclean.ro\/ro\/ro\/curatare_fatade\/","name":"Cur\u0103\u021bare Fa\u021bade - Carpat Clean","isPartOf":{"@id":"https:\/\/carpatclean.ro\/#website"},"primaryImageOfPage":{"@id":"https:\/\/carpatclean.ro\/ro\/curatare_fatade\/#primaryimage"},"image":{"@id":"https:\/\/carpatclean.ro\/ro\/curatare_fatade\/#primaryimage"},"thumbnailUrl":"https:\/\/carpatclean.ro\/wp-content\/plugins\/elementor\/assets\/images\/placeholder.png","datePublished":"2025-02-23T17:26:12+00:00","dateModified":"2025-05-11T06:53:45+00:00","description":"Cur\u0103\u021bare Fa\u021bade \u0219i Panouri Sandwich Cur\u0103\u021barea fa\u021badelor \u0219i panourilor sandwich \u2013 Expertiz\u0103 Carpat Clean!Folosind tehnologia Softwash \u0219i presiune \u00eenalt\u0103,","breadcrumb":{"@id":"https:\/\/carpatclean.ro\/ro\/curatare_fatade\/#breadcrumb"},"inLanguage":"ro-RO","potentialAction":[{"@type":"ReadAction","target":["https:\/\/carpatclean.ro\/ro\/curatare_fatade\/"]}]},{"@type":"ImageObject","inLanguage":"ro-RO","@id":"https:\/\/carpatclean.ro\/ro\/curatare_fatade\/#primaryimage","url":"https:\/\/carpatclean.ro\/wp-content\/plugins\/elementor\/assets\/images\/placeholder.png","contentUrl":"https:\/\/carpatclean.ro\/wp-content\/plugins\/elementor\/assets\/images\/placeholder.png"},{"@type":"BreadcrumbList","@id":"https:\/\/carpatclean.ro\/ro\/curatare_fatade\/#breadcrumb","itemListElement":[{"@type":"ListItem","position":1,"name":"Carpat Clean","item":"https:\/\/carpatclean.ro\/"},{"@type":"ListItem","position":2,"name":"Cur\u0103\u021bare Fa\u021bade"}]},{"@type":"WebSite","@id":"https:\/\/carpatclean.ro\/ro\/#website","url":"https:\/\/carpatclean.ro\/ro\/","name":"Carpat Clean","description":"Servicii de cur\u0103\u021benie zilnic\u0103 sau ocazional\u0103 pentru afaceri","publisher":{"@id":"https:\/\/carpatclean.ro\/ro\/#organization"},"potentialAction":[{"@type":"SearchAction","target":{"@type":"EntryPoint","urlTemplate":"https:\/\/carpatclean.ro\/ro\/?s={search_term_string}"},"query-input":{"@type":"PropertyValueSpecification","valueRequired":true,"valueName":"search_term_string"}}],"inLanguage":"ro-RO"},{"@type":"Organization","@id":"https:\/\/carpatclean.ro\/ro\/#organization","name":"Carpat Clean SRL","url":"https:\/\/carpatclean.ro\/ro\/","logo":{"@type":"ImageObject","inLanguage":"ro-RO","@id":"https:\/\/carpatclean.ro\/ro\/#\/schema\/logo\/image\/","url":"https:\/\/carpatclean.ro\/wp-content\/uploads\/2025\/03\/Abstract-Mountain-Logo-1-Photoroom-1.png","contentUrl":"https:\/\/carpatclean.ro\/wp-content\/uploads\/2025\/03\/Abstract-Mountain-Logo-1-Photoroom-1.png","width":2301,"height":945,"caption":"Carpat Clean SRL"},"image":{"@id":"https:\/\/carpatclean.ro\/ro\/#\/schema\/logo\/image\/"},"sameAs":["https:\/\/www.facebook.com\/profile.php?id=61561388845533"]}]}},"_links":{"self":[{"href":"https:\/\/carpatclean.ro\/ro\/wp-json\/wp\/v2\/pages\/1394","targetHints":{"allow":["GET"]}}],"collection":[{"href":"https:\/\/carpatclean.ro\/ro\/wp-json\/wp\/v2\/pages"}],"about":[{"href":"https:\/\/carpatclean.ro\/ro\/wp-json\/wp\/v2\/types\/page"}],"author":[{"embeddable":true,"href":"https:\/\/carpatclean.ro\/ro\/wp-json\/wp\/v2\/users\/1"}],"replies":[{"embeddable":true,"href":"https:\/\/carpatclean.ro\/ro\/wp-json\/wp\/v2\/comments?post=1394"}],"version-history":[{"count":29,"href":"https:\/\/carpatclean.ro\/ro\/wp-json\/wp\/v2\/pages\/1394\/revisions"}],"predecessor-version":[{"id":1861,"href":"https:\/\/carpatclean.ro\/ro\/wp-json\/wp\/v2\/pages\/1394\/revisions\/1861"}],"wp:attachment":[{"href":"https:\/\/carpatclean.ro\/ro\/wp-json\/wp\/v2\/media?parent=1394"}],"curies":[{"name":"wp","href":"https:\/\/api.w.org\/{rel}","templated":true}]}}