{"id":1450,"date":"2025-03-11T12:28:28","date_gmt":"2025-03-11T12:28:28","guid":{"rendered":"https:\/\/carpatclean.ro\/?page_id=1450"},"modified":"2025-05-27T11:11:57","modified_gmt":"2025-05-27T11:11:57","slug":"despre_noi","status":"publish","type":"page","link":"https:\/\/carpatclean.ro\/ro\/despre_noi\/","title":{"rendered":"Despre noi"},"content":{"rendered":"\t\t<div data-elementor-type=\"wp-page\" data-elementor-id=\"1450\" class=\"elementor elementor-1450\">\n\t\t\t\t<div class=\"elementor-element elementor-element-b9a8d79 e-flex e-con-boxed e-con e-parent\" data-id=\"b9a8d79\" data-element_type=\"container\" data-settings=\"{&quot;background_background&quot;:&quot;slideshow&quot;,&quot;background_slideshow_gallery&quot;:[{&quot;id&quot;:36,&quot;url&quot;:&quot;https:\\\/\\\/carpatclean.ro\\\/wp-content\\\/uploads\\\/2025\\\/02\\\/hero00012.jpg&quot;},{&quot;id&quot;:35,&quot;url&quot;:&quot;https:\\\/\\\/carpatclean.ro\\\/wp-content\\\/uploads\\\/2025\\\/02\\\/hero00013.jpg&quot;},{&quot;id&quot;:34,&quot;url&quot;:&quot;https:\\\/\\\/carpatclean.ro\\\/wp-content\\\/uploads\\\/2025\\\/02\\\/hero00014.jpg&quot;},{&quot;id&quot;:33,&quot;url&quot;:&quot;https:\\\/\\\/carpatclean.ro\\\/wp-content\\\/uploads\\\/2025\\\/02\\\/hero00015.jpg&quot;}],&quot;background_slideshow_loop&quot;:&quot;yes&quot;,&quot;background_slideshow_slide_duration&quot;:5000,&quot;background_slideshow_slide_transition&quot;:&quot;fade&quot;,&quot;background_slideshow_transition_duration&quot;:500}\">\n\t\t\t\t\t<div class=\"e-con-inner\">\n\t\t\t\t<div class=\"elementor-element elementor-element-f9637f6 elementor-widget elementor-widget-heading\" data-id=\"f9637f6\" data-element_type=\"widget\" data-widget_type=\"heading.default\">\n\t\t\t\t\t<h2 class=\"elementor-heading-title elementor-size-default\">Despre noi<\/h2>\t\t\t\t<\/div>\n\t\t\t\t\t<\/div>\n\t\t\t\t<\/div>\n\t\t<div class=\"elementor-element elementor-element-064c6cd e-flex e-con-boxed e-con e-parent\" data-id=\"064c6cd\" data-element_type=\"container\">\n\t\t\t\t\t<div class=\"e-con-inner\">\n\t\t<div class=\"elementor-element elementor-element-a0e9d7c e-con-full e-flex elementor-invisible e-con e-child\" data-id=\"a0e9d7c\" data-element_type=\"container\" data-settings=\"{&quot;animation&quot;:&quot;fadeIn&quot;}\">\n\t\t\t\t<div class=\"elementor-element elementor-element-5ddadb6 elementor-widget__width-initial elementor-widget elementor-widget-heading\" data-id=\"5ddadb6\" data-element_type=\"widget\" data-widget_type=\"heading.default\">\n\t\t\t\t\t<h3 class=\"elementor-heading-title elementor-size-default\">Solu\u021bii de cur\u0103\u021bare premium la v\u00e2rful gamei<\/h3>\t\t\t\t<\/div>\n\t\t\t\t<\/div>\n\t\t\t\t\t<\/div>\n\t\t\t\t<\/div>\n\t\t<div class=\"elementor-element elementor-element-017b53f e-flex e-con-boxed e-con e-parent\" data-id=\"017b53f\" data-element_type=\"container\">\n\t\t\t\t\t<div class=\"e-con-inner\">\n\t\t<div class=\"elementor-element elementor-element-cae1e52 e-con-full e-flex elementor-invisible e-con e-child\" data-id=\"cae1e52\" data-element_type=\"container\" data-settings=\"{&quot;animation&quot;:&quot;fadeInLeft&quot;}\">\n\t\t\t\t<div class=\"elementor-element elementor-element-ec5f2bd elementor-widget elementor-widget-heading\" data-id=\"ec5f2bd\" data-element_type=\"widget\" data-widget_type=\"heading.default\">\n\t\t\t\t\t<h5 class=\"elementor-heading-title elementor-size-default\">\u201eCur\u0103\u021benia \u0219i ordinea au fost \u00eentotdeauna importante \u00een via\u021ba mea, oriunde am lucrat. Cred c\u0103 un mediu bine \u00eengrijit \u0219i ordonat nu este doar mai pl\u0103cut din punct de vedere estetic, ci \u0219i mai eficient \u0219i agreabil at\u00e2t pentru angaja\u021bi, c\u00e2t \u0219i pentru clien\u021bi. Scopul meu \u00een fondarea Carpat Clean a fost s\u0103 aduc aceast\u0103 valoare clien\u021bilor no\u0219tri. Sunt norocos pentru c\u0103 meseria mea a devenit hobby-ul meu \u2013 pentru mine, cur\u0103\u021benia nu este doar o meserie, este o pasiune. Cred c\u0103 cur\u0103\u021benia d\u0103 roade pe termen lung: angaja\u021bii sunt mai productivi \u00eentr-un spa\u021biu ordonat, oaspe\u021bii las\u0103 recenzii mai bune \u00eentr-un hotel f\u0103r\u0103 pat\u0103, iar noi to\u021bi putem tr\u0103i \u0219i lucra \u00eentr-un mediu mai s\u0103n\u0103tos.\u201d<\/h5>\t\t\t\t<\/div>\n\t\t\t\t<div class=\"elementor-element elementor-element-73a4836 elementor-widget__width-initial elementor-widget elementor-widget-heading\" data-id=\"73a4836\" data-element_type=\"widget\" data-widget_type=\"heading.default\">\n\t\t\t\t\t<h6 class=\"elementor-heading-title elementor-size-default\">Pap Csaba\nFondator & Proprietar, Carpat Clean SRL<\/h6>\t\t\t\t<\/div>\n\t\t\t\t<\/div>\n\t\t<div class=\"elementor-element elementor-element-6b58c74 e-con-full e-flex elementor-invisible e-con e-child\" data-id=\"6b58c74\" data-element_type=\"container\" data-settings=\"{&quot;animation&quot;:&quot;fadeInRight&quot;}\">\n\t\t\t\t<div class=\"elementor-element elementor-element-b813164 elementor-widget elementor-widget-image\" data-id=\"b813164\" data-element_type=\"widget\" data-widget_type=\"image.default\">\n\t\t\t\t\t\t\t\t\t\t\t\t\t\t\t<img fetchpriority=\"high\" decoding=\"async\" width=\"682\" height=\"1024\" src=\"https:\/\/carpatclean.ro\/wp-content\/uploads\/2025\/02\/DSF9408-682x1024.jpg\" class=\"attachment-large size-large wp-image-63\" alt=\"\" srcset=\"https:\/\/carpatclean.ro\/wp-content\/uploads\/2025\/02\/DSF9408-682x1024.jpg 682w, https:\/\/carpatclean.ro\/wp-content\/uploads\/2025\/02\/DSF9408-200x300.jpg 200w, https:\/\/carpatclean.ro\/wp-content\/uploads\/2025\/02\/DSF9408-768x1152.jpg 768w, https:\/\/carpatclean.ro\/wp-content\/uploads\/2025\/02\/DSF9408-1024x1536.jpg 1024w, https:\/\/carpatclean.ro\/wp-content\/uploads\/2025\/02\/DSF9408.jpg 1333w\" sizes=\"(max-width: 682px) 100vw, 682px\" \/>\t\t\t\t\t\t\t\t\t\t\t\t\t\t\t<\/div>\n\t\t\t\t<\/div>\n\t\t\t\t\t<\/div>\n\t\t\t\t<\/div>\n\t\t<div class=\"elementor-element elementor-element-efbd54e e-flex e-con-boxed e-con e-parent\" data-id=\"efbd54e\" data-element_type=\"container\" data-settings=\"{&quot;background_background&quot;:&quot;classic&quot;}\">\n\t\t\t\t\t<div class=\"e-con-inner\">\n\t\t<div class=\"elementor-element elementor-element-67988c6 e-con-full e-flex e-con e-child\" data-id=\"67988c6\" data-element_type=\"container\">\n\t\t\t\t<div class=\"elementor-element elementor-element-d75714b elementor-widget elementor-widget-text-editor\" data-id=\"d75714b\" data-element_type=\"widget\" data-widget_type=\"text-editor.default\">\n\t\t\t\t\t\t\t\t\t<p>Telefon:\u00a0<a href=\"tel:0725 984 984\">0725 984 984<\/a> Email:\u00a0<a href=\"mailto:carpatclean.office@gmail.com\">carpatclean.office@gmail.com<\/a><\/p>\t\t\t\t\t\t\t\t<\/div>\n\t\t\t\t<div class=\"elementor-element elementor-element-256c2d2 elementor-widget elementor-widget-heading\" data-id=\"256c2d2\" data-element_type=\"widget\" data-widget_type=\"heading.default\">\n\t\t\t\t\t<h3 class=\"elementor-heading-title elementor-size-default\">Solicita\u021bi acum o ofert\u0103 gratuit\u0103!<\/h3>\t\t\t\t<\/div>\n\t\t\t\t<\/div>\n\t\t\t\t<div class=\"elementor-element elementor-element-86e480e elementor-mobile-align-center elementor-align-right elementor-widget__width-initial elementor-tablet-align-center elementor-widget-tablet__width-inherit elementor-widget elementor-widget-button\" data-id=\"86e480e\" data-element_type=\"widget\" data-widget_type=\"button.default\">\n\t\t\t\t\t\t\t\t\t\t<a class=\"elementor-button elementor-button-link elementor-size-md\" href=\"\/ro\/contact\">\n\t\t\t\t\t\t<span class=\"elementor-button-content-wrapper\">\n\t\t\t\t\t\t\t\t\t<span class=\"elementor-button-text\">Contacteaza<\/span>\n\t\t\t\t\t<\/span>\n\t\t\t\t\t<\/a>\n\t\t\t\t\t\t\t\t<\/div>\n\t\t\t\t\t<\/div>\n\t\t\t\t<\/div>\n\t\t\t\t<\/div>\n\t\t","protected":false},"excerpt":{"rendered":"<p>Despre noi Solu\u021bii de cur\u0103\u021bare premium la v\u00e2rful gamei \u201eCur\u0103\u021benia \u0219i ordinea au fost \u00eentotdeauna importante \u00een via\u021ba mea, oriunde am lucrat. Cred c\u0103 un mediu bine \u00eengrijit \u0219i ordonat nu este doar mai pl\u0103cut din punct de vedere estetic, ci \u0219i mai eficient \u0219i agreabil at\u00e2t pentru angaja\u021bi, c\u00e2t \u0219i pentru clien\u021bi. Scopul meu [&hellip;]<\/p>\n","protected":false},"author":1,"featured_media":0,"parent":0,"menu_order":0,"comment_status":"closed","ping_status":"closed","template":"","meta":{"footnotes":""},"class_list":["post-1450","page","type-page","status-publish","hentry"],"blocksy_meta":[],"yoast_head":"<!-- This site is optimized with the Yoast SEO plugin v24.8.1 - https:\/\/yoast.com\/wordpress\/plugins\/seo\/ -->\n<title>Despre noi - Servicii de cur\u0103\u021benie zilnic\u0103 sau ocazional\u0103 pentru afaceri<\/title>\n<meta name=\"robots\" content=\"index, follow, max-snippet:-1, max-image-preview:large, max-video-preview:-1\" \/>\n<link rel=\"canonical\" href=\"https:\/\/carpatclean.ro\/ro\/despre_noi\/\" \/>\n<meta property=\"og:locale\" content=\"ro_RO\" \/>\n<meta property=\"og:type\" content=\"article\" \/>\n<meta property=\"og:title\" content=\"Despre noi - Servicii de cur\u0103\u021benie zilnic\u0103 sau ocazional\u0103 pentru afaceri\" \/>\n<meta property=\"og:url\" content=\"https:\/\/carpatclean.ro\/ro\/despre_noi\/\" \/>\n<meta property=\"og:site_name\" content=\"Carpat Clean\" \/>\n<meta property=\"article:publisher\" content=\"https:\/\/www.facebook.com\/profile.php?id=61561388845533\" \/>\n<meta property=\"article:modified_time\" content=\"2025-05-27T11:11:57+00:00\" \/>\n<meta property=\"og:image\" content=\"https:\/\/carpatclean.ro\/wp-content\/uploads\/2025\/02\/DSF9408.jpg\" \/>\n\t<meta property=\"og:image:width\" content=\"1333\" \/>\n\t<meta property=\"og:image:height\" content=\"2000\" \/>\n\t<meta property=\"og:image:type\" content=\"image\/jpeg\" \/>\n<meta name=\"twitter:card\" content=\"summary_large_image\" \/>\n<meta name=\"twitter:label1\" content=\"Timp estimat pentru citire\" \/>\n\t<meta name=\"twitter:data1\" content=\"1 minut\" \/>\n<script type=\"application\/ld+json\" class=\"yoast-schema-graph\">{\"@context\":\"https:\/\/schema.org\",\"@graph\":[{\"@type\":\"WebPage\",\"@id\":\"https:\/\/carpatclean.ro\/ro\/ro\/despre_noi\/\",\"url\":\"https:\/\/carpatclean.ro\/ro\/ro\/despre_noi\/\",\"name\":\"Despre noi - Servicii de cur\u0103\u021benie zilnic\u0103 sau ocazional\u0103 pentru afaceri\",\"isPartOf\":{\"@id\":\"https:\/\/carpatclean.ro\/#website\"},\"primaryImageOfPage\":{\"@id\":\"https:\/\/carpatclean.ro\/ro\/despre_noi\/#primaryimage\"},\"image\":{\"@id\":\"https:\/\/carpatclean.ro\/ro\/despre_noi\/#primaryimage\"},\"thumbnailUrl\":\"https:\/\/carpatclean.ro\/wp-content\/uploads\/2025\/02\/DSF9408-682x1024.jpg\",\"datePublished\":\"2025-03-11T12:28:28+00:00\",\"dateModified\":\"2025-05-27T11:11:57+00:00\",\"description\":\"Despre noi Solu\u021bii de cur\u0103\u021bare premium la v\u00e2rful gamei \u201eCur\u0103\u021benia \u0219i ordinea au fost \u00eentotdeauna importante \u00een via\u021ba mea, oriunde am lucrat. Cred c\u0103 un\",\"breadcrumb\":{\"@id\":\"https:\/\/carpatclean.ro\/ro\/despre_noi\/#breadcrumb\"},\"inLanguage\":\"ro-RO\",\"potentialAction\":[{\"@type\":\"ReadAction\",\"target\":[\"https:\/\/carpatclean.ro\/ro\/despre_noi\/\"]}]},{\"@type\":\"ImageObject\",\"inLanguage\":\"ro-RO\",\"@id\":\"https:\/\/carpatclean.ro\/ro\/despre_noi\/#primaryimage\",\"url\":\"https:\/\/carpatclean.ro\/wp-content\/uploads\/2025\/02\/DSF9408-682x1024.jpg\",\"contentUrl\":\"https:\/\/carpatclean.ro\/wp-content\/uploads\/2025\/02\/DSF9408-682x1024.jpg\"},{\"@type\":\"BreadcrumbList\",\"@id\":\"https:\/\/carpatclean.ro\/ro\/despre_noi\/#breadcrumb\",\"itemListElement\":[{\"@type\":\"ListItem\",\"position\":1,\"name\":\"Carpat Clean\",\"item\":\"https:\/\/carpatclean.ro\/\"},{\"@type\":\"ListItem\",\"position\":2,\"name\":\"Despre noi\"}]},{\"@type\":\"WebSite\",\"@id\":\"https:\/\/carpatclean.ro\/ro\/#website\",\"url\":\"https:\/\/carpatclean.ro\/ro\/\",\"name\":\"Carpat Clean\",\"description\":\"Servicii de cur\u0103\u021benie zilnic\u0103 sau ocazional\u0103 pentru afaceri\",\"publisher\":{\"@id\":\"https:\/\/carpatclean.ro\/ro\/#organization\"},\"potentialAction\":[{\"@type\":\"SearchAction\",\"target\":{\"@type\":\"EntryPoint\",\"urlTemplate\":\"https:\/\/carpatclean.ro\/ro\/?s={search_term_string}\"},\"query-input\":{\"@type\":\"PropertyValueSpecification\",\"valueRequired\":true,\"valueName\":\"search_term_string\"}}],\"inLanguage\":\"ro-RO\"},{\"@type\":\"Organization\",\"@id\":\"https:\/\/carpatclean.ro\/ro\/#organization\",\"name\":\"Carpat Clean SRL\",\"url\":\"https:\/\/carpatclean.ro\/ro\/\",\"logo\":{\"@type\":\"ImageObject\",\"inLanguage\":\"ro-RO\",\"@id\":\"https:\/\/carpatclean.ro\/ro\/#\/schema\/logo\/image\/\",\"url\":\"https:\/\/carpatclean.ro\/wp-content\/uploads\/2025\/03\/Abstract-Mountain-Logo-1-Photoroom-1.png\",\"contentUrl\":\"https:\/\/carpatclean.ro\/wp-content\/uploads\/2025\/03\/Abstract-Mountain-Logo-1-Photoroom-1.png\",\"width\":2301,\"height\":945,\"caption\":\"Carpat Clean SRL\"},\"image\":{\"@id\":\"https:\/\/carpatclean.ro\/ro\/#\/schema\/logo\/image\/\"},\"sameAs\":[\"https:\/\/www.facebook.com\/profile.php?id=61561388845533\"]}]}<\/script>\n<!-- \/ Yoast SEO plugin. -->","yoast_head_json":{"title":"Despre noi - Servicii de cur\u0103\u021benie zilnic\u0103 sau ocazional\u0103 pentru afaceri","robots":{"index":"index","follow":"follow","max-snippet":"max-snippet:-1","max-image-preview":"max-image-preview:large","max-video-preview":"max-video-preview:-1"},"canonical":"https:\/\/carpatclean.ro\/ro\/despre_noi\/","og_locale":"ro_RO","og_type":"article","og_title":"Despre noi - Servicii de cur\u0103\u021benie zilnic\u0103 sau ocazional\u0103 pentru afaceri","og_url":"https:\/\/carpatclean.ro\/ro\/despre_noi\/","og_site_name":"Carpat Clean","article_publisher":"https:\/\/www.facebook.com\/profile.php?id=61561388845533","article_modified_time":"2025-05-27T11:11:57+00:00","og_image":[{"width":1333,"height":2000,"url":"https:\/\/carpatclean.ro\/wp-content\/uploads\/2025\/02\/DSF9408.jpg","type":"image\/jpeg"}],"twitter_card":"summary_large_image","twitter_misc":{"Timp estimat pentru citire":"1 minut"},"schema":{"@context":"https:\/\/schema.org","@graph":[{"@type":"WebPage","@id":"https:\/\/carpatclean.ro\/ro\/ro\/despre_noi\/","url":"https:\/\/carpatclean.ro\/ro\/ro\/despre_noi\/","name":"Despre noi - Servicii de cur\u0103\u021benie zilnic\u0103 sau ocazional\u0103 pentru afaceri","isPartOf":{"@id":"https:\/\/carpatclean.ro\/#website"},"primaryImageOfPage":{"@id":"https:\/\/carpatclean.ro\/ro\/despre_noi\/#primaryimage"},"image":{"@id":"https:\/\/carpatclean.ro\/ro\/despre_noi\/#primaryimage"},"thumbnailUrl":"https:\/\/carpatclean.ro\/wp-content\/uploads\/2025\/02\/DSF9408-682x1024.jpg","datePublished":"2025-03-11T12:28:28+00:00","dateModified":"2025-05-27T11:11:57+00:00","description":"Despre noi Solu\u021bii de cur\u0103\u021bare premium la v\u00e2rful gamei \u201eCur\u0103\u021benia \u0219i ordinea au fost \u00eentotdeauna importante \u00een via\u021ba mea, oriunde am lucrat. Cred c\u0103 un","breadcrumb":{"@id":"https:\/\/carpatclean.ro\/ro\/despre_noi\/#breadcrumb"},"inLanguage":"ro-RO","potentialAction":[{"@type":"ReadAction","target":["https:\/\/carpatclean.ro\/ro\/despre_noi\/"]}]},{"@type":"ImageObject","inLanguage":"ro-RO","@id":"https:\/\/carpatclean.ro\/ro\/despre_noi\/#primaryimage","url":"https:\/\/carpatclean.ro\/wp-content\/uploads\/2025\/02\/DSF9408-682x1024.jpg","contentUrl":"https:\/\/carpatclean.ro\/wp-content\/uploads\/2025\/02\/DSF9408-682x1024.jpg"},{"@type":"BreadcrumbList","@id":"https:\/\/carpatclean.ro\/ro\/despre_noi\/#breadcrumb","itemListElement":[{"@type":"ListItem","position":1,"name":"Carpat Clean","item":"https:\/\/carpatclean.ro\/"},{"@type":"ListItem","position":2,"name":"Despre noi"}]},{"@type":"WebSite","@id":"https:\/\/carpatclean.ro\/ro\/#website","url":"https:\/\/carpatclean.ro\/ro\/","name":"Carpat Clean","description":"Servicii de cur\u0103\u021benie zilnic\u0103 sau ocazional\u0103 pentru afaceri","publisher":{"@id":"https:\/\/carpatclean.ro\/ro\/#organization"},"potentialAction":[{"@type":"SearchAction","target":{"@type":"EntryPoint","urlTemplate":"https:\/\/carpatclean.ro\/ro\/?s={search_term_string}"},"query-input":{"@type":"PropertyValueSpecification","valueRequired":true,"valueName":"search_term_string"}}],"inLanguage":"ro-RO"},{"@type":"Organization","@id":"https:\/\/carpatclean.ro\/ro\/#organization","name":"Carpat Clean SRL","url":"https:\/\/carpatclean.ro\/ro\/","logo":{"@type":"ImageObject","inLanguage":"ro-RO","@id":"https:\/\/carpatclean.ro\/ro\/#\/schema\/logo\/image\/","url":"https:\/\/carpatclean.ro\/wp-content\/uploads\/2025\/03\/Abstract-Mountain-Logo-1-Photoroom-1.png","contentUrl":"https:\/\/carpatclean.ro\/wp-content\/uploads\/2025\/03\/Abstract-Mountain-Logo-1-Photoroom-1.png","width":2301,"height":945,"caption":"Carpat Clean SRL"},"image":{"@id":"https:\/\/carpatclean.ro\/ro\/#\/schema\/logo\/image\/"},"sameAs":["https:\/\/www.facebook.com\/profile.php?id=61561388845533"]}]}},"_links":{"self":[{"href":"https:\/\/carpatclean.ro\/ro\/wp-json\/wp\/v2\/pages\/1450","targetHints":{"allow":["GET"]}}],"collection":[{"href":"https:\/\/carpatclean.ro\/ro\/wp-json\/wp\/v2\/pages"}],"about":[{"href":"https:\/\/carpatclean.ro\/ro\/wp-json\/wp\/v2\/types\/page"}],"author":[{"embeddable":true,"href":"https:\/\/carpatclean.ro\/ro\/wp-json\/wp\/v2\/users\/1"}],"replies":[{"embeddable":true,"href":"https:\/\/carpatclean.ro\/ro\/wp-json\/wp\/v2\/comments?post=1450"}],"version-history":[{"count":71,"href":"https:\/\/carpatclean.ro\/ro\/wp-json\/wp\/v2\/pages\/1450\/revisions"}],"predecessor-version":[{"id":2029,"href":"https:\/\/carpatclean.ro\/ro\/wp-json\/wp\/v2\/pages\/1450\/revisions\/2029"}],"wp:attachment":[{"href":"https:\/\/carpatclean.ro\/ro\/wp-json\/wp\/v2\/media?parent=1450"}],"curies":[{"name":"wp","href":"https:\/\/api.w.org\/{rel}","templated":true}]}}