{"id":1567,"date":"2025-03-21T13:38:35","date_gmt":"2025-03-21T13:38:35","guid":{"rendered":"https:\/\/carpatclean.ro\/?page_id=1567"},"modified":"2025-05-28T14:25:00","modified_gmt":"2025-05-28T14:25:00","slug":"contact","status":"publish","type":"page","link":"https:\/\/carpatclean.ro\/ro\/contact\/","title":{"rendered":"Contact"},"content":{"rendered":"\t\t<div data-elementor-type=\"wp-page\" data-elementor-id=\"1567\" class=\"elementor elementor-1567\">\n\t\t\t\t<div class=\"elementor-element elementor-element-8dd9ab0 e-flex e-con-boxed e-con e-parent\" data-id=\"8dd9ab0\" data-element_type=\"container\" data-settings=\"{&quot;background_background&quot;:&quot;slideshow&quot;,&quot;background_slideshow_gallery&quot;:[{&quot;id&quot;:36,&quot;url&quot;:&quot;https:\\\/\\\/carpatclean.ro\\\/wp-content\\\/uploads\\\/2025\\\/02\\\/hero00012.jpg&quot;},{&quot;id&quot;:35,&quot;url&quot;:&quot;https:\\\/\\\/carpatclean.ro\\\/wp-content\\\/uploads\\\/2025\\\/02\\\/hero00013.jpg&quot;},{&quot;id&quot;:34,&quot;url&quot;:&quot;https:\\\/\\\/carpatclean.ro\\\/wp-content\\\/uploads\\\/2025\\\/02\\\/hero00014.jpg&quot;},{&quot;id&quot;:33,&quot;url&quot;:&quot;https:\\\/\\\/carpatclean.ro\\\/wp-content\\\/uploads\\\/2025\\\/02\\\/hero00015.jpg&quot;}],&quot;background_slideshow_loop&quot;:&quot;yes&quot;,&quot;background_slideshow_slide_duration&quot;:5000,&quot;background_slideshow_slide_transition&quot;:&quot;fade&quot;,&quot;background_slideshow_transition_duration&quot;:500}\">\n\t\t\t\t\t<div class=\"e-con-inner\">\n\t\t\t\t<div class=\"elementor-element elementor-element-db0fff1 elementor-widget elementor-widget-heading\" data-id=\"db0fff1\" data-element_type=\"widget\" data-widget_type=\"heading.default\">\n\t\t\t\t\t<h2 class=\"elementor-heading-title elementor-size-default\">Contact<\/h2>\t\t\t\t<\/div>\n\t\t\t\t\t<\/div>\n\t\t\t\t<\/div>\n\t\t<div class=\"elementor-element elementor-element-cbc16dd e-flex e-con-boxed e-con e-parent\" data-id=\"cbc16dd\" data-element_type=\"container\">\n\t\t\t\t\t<div class=\"e-con-inner\">\n\t\t\t\t<div class=\"elementor-element elementor-element-2a56b9b elementor-widget elementor-widget-spacer\" data-id=\"2a56b9b\" data-element_type=\"widget\" data-widget_type=\"spacer.default\">\n\t\t\t\t\t\t\t<div class=\"elementor-spacer\">\n\t\t\t<div class=\"elementor-spacer-inner\"><\/div>\n\t\t<\/div>\n\t\t\t\t\t\t<\/div>\n\t\t<div class=\"elementor-element elementor-element-505d636 e-con-full e-flex e-con e-child\" data-id=\"505d636\" data-element_type=\"container\">\n\t\t<div class=\"elementor-element elementor-element-a59087b e-con-full e-flex e-con e-child\" data-id=\"a59087b\" data-element_type=\"container\">\n\t\t\t\t<div class=\"elementor-element elementor-element-3df8ad9 elementor-widget elementor-widget-heading\" data-id=\"3df8ad9\" data-element_type=\"widget\" data-widget_type=\"heading.default\">\n\t\t\t\t\t<h4 class=\"elementor-heading-title elementor-size-default\">Oferim servicii \u00een jude\u021bele<\/h4>\t\t\t\t<\/div>\n\t\t\t\t<div class=\"elementor-element elementor-element-36db655 elementor-invisible elementor-widget elementor-widget-heading\" data-id=\"36db655\" data-element_type=\"widget\" data-settings=\"{&quot;_animation&quot;:&quot;fadeIn&quot;,&quot;_animation_delay&quot;:1000}\" data-widget_type=\"heading.default\">\n\t\t\t\t\t<h4 class=\"elementor-heading-title elementor-size-default\">Covasna<\/h4>\t\t\t\t<\/div>\n\t\t\t\t<div class=\"elementor-element elementor-element-b8d3456 elementor-invisible elementor-widget elementor-widget-heading\" data-id=\"b8d3456\" data-element_type=\"widget\" data-settings=\"{&quot;_animation&quot;:&quot;fadeIn&quot;,&quot;_animation_delay&quot;:1500}\" data-widget_type=\"heading.default\">\n\t\t\t\t\t<h4 class=\"elementor-heading-title elementor-size-default\">Harghita<\/h4>\t\t\t\t<\/div>\n\t\t\t\t<div class=\"elementor-element elementor-element-ffdac0e elementor-invisible elementor-widget elementor-widget-heading\" data-id=\"ffdac0e\" data-element_type=\"widget\" data-settings=\"{&quot;_animation&quot;:&quot;fadeIn&quot;,&quot;_animation_delay&quot;:2000}\" data-widget_type=\"heading.default\">\n\t\t\t\t\t<h4 class=\"elementor-heading-title elementor-size-default\">\u0219i Bra\u0219ov<\/h4>\t\t\t\t<\/div>\n\t\t\t\t<\/div>\n\t\t\t\t<\/div>\n\t\t<div class=\"elementor-element elementor-element-58711e3 e-con-full e-flex e-con e-child\" data-id=\"58711e3\" data-element_type=\"container\">\n\t\t\t\t<div class=\"elementor-element elementor-element-e387f68 elementor-widget elementor-widget-heading\" data-id=\"e387f68\" data-element_type=\"widget\" data-widget_type=\"heading.default\">\n\t\t\t\t\t<h4 class=\"elementor-heading-title elementor-size-default\">Pentru proiecte mai mari, ne deplas\u0103m la nivel na\u021bional.<\/h4>\t\t\t\t<\/div>\n\t\t\t\t<\/div>\n\t\t\t\t\t<\/div>\n\t\t\t\t<\/div>\n\t\t<div class=\"elementor-element elementor-element-69661b8 e-flex e-con-boxed e-con e-parent\" data-id=\"69661b8\" data-element_type=\"container\">\n\t\t\t\t\t<div class=\"e-con-inner\">\n\t\t\t\t<div class=\"elementor-element elementor-element-00541c0 e-transform e-transform elementor-invisible elementor-widget elementor-widget-igmap\" data-id=\"00541c0\" data-element_type=\"widget\" data-settings=\"{&quot;_animation&quot;:&quot;fadeInLeft&quot;,&quot;_transform_rotateZ_effect&quot;:{&quot;unit&quot;:&quot;px&quot;,&quot;size&quot;:0,&quot;sizes&quot;:[]},&quot;_transform_translateX_effect&quot;:{&quot;unit&quot;:&quot;px&quot;,&quot;size&quot;:0,&quot;sizes&quot;:[]},&quot;_transform_rotateZ_effect_tablet&quot;:{&quot;unit&quot;:&quot;deg&quot;,&quot;size&quot;:&quot;&quot;,&quot;sizes&quot;:[]},&quot;_transform_rotateZ_effect_mobile&quot;:{&quot;unit&quot;:&quot;deg&quot;,&quot;size&quot;:&quot;&quot;,&quot;sizes&quot;:[]},&quot;_transform_translateX_effect_tablet&quot;:{&quot;unit&quot;:&quot;px&quot;,&quot;size&quot;:&quot;&quot;,&quot;sizes&quot;:[]},&quot;_transform_translateX_effect_mobile&quot;:{&quot;unit&quot;:&quot;px&quot;,&quot;size&quot;:&quot;&quot;,&quot;sizes&quot;:[]},&quot;_transform_translateY_effect&quot;:{&quot;unit&quot;:&quot;px&quot;,&quot;size&quot;:&quot;&quot;,&quot;sizes&quot;:[]},&quot;_transform_translateY_effect_tablet&quot;:{&quot;unit&quot;:&quot;px&quot;,&quot;size&quot;:&quot;&quot;,&quot;sizes&quot;:[]},&quot;_transform_translateY_effect_mobile&quot;:{&quot;unit&quot;:&quot;px&quot;,&quot;size&quot;:&quot;&quot;,&quot;sizes&quot;:[]}}\" data-widget_type=\"igmap.default\">\n\t\t\t\t<div class=\"elementor-widget-container\">\n\t\t\t\t\t<div class=\"igmap-elementor-widget\"><div class=\"map_wrapper\" id=\"map_wrapper_1548\">\n<div class=\"map_box\" style=\"max-width:2000px\">\n<div class=\"map_aspect_ratio\" style=\"padding-top:56%\" data-padding-top=\"56%\" data-padding-top-mobile=\"0%\">\n<div class=\"map_container\">\n<div class=\"map_render map_loading\" id=\"map_1548\"><\/div>\n<\/div>\n<\/div>\n<\/div>\n<\/div><\/div>\t\t\t\t<\/div>\n\t\t\t\t<\/div>\n\t\t\t\t<div class=\"elementor-element elementor-element-68abbc0 elementor-widget elementor-widget-spacer\" data-id=\"68abbc0\" data-element_type=\"widget\" data-widget_type=\"spacer.default\">\n\t\t\t\t\t\t\t<div class=\"elementor-spacer\">\n\t\t\t<div class=\"elementor-spacer-inner\"><\/div>\n\t\t<\/div>\n\t\t\t\t\t\t<\/div>\n\t\t\t\t\t<\/div>\n\t\t\t\t<\/div>\n\t\t<div class=\"elementor-element elementor-element-6139473 e-flex e-con-boxed e-con e-parent\" data-id=\"6139473\" data-element_type=\"container\">\n\t\t\t\t\t<div class=\"e-con-inner\">\n\t\t\t\t<div class=\"elementor-element elementor-element-7c82a0c elementor-widget elementor-widget-text-editor\" data-id=\"7c82a0c\" data-element_type=\"widget\" data-widget_type=\"text-editor.default\">\n\t\t\t\t\t\t\t\t\t<h3>R\u0103spundem tuturor solicit\u0103rilor \u00een termen de 24 de ore.<\/h3><h3>Telefon:\u00a0<a href=\"tel:0725 984 984\">0725 984 984<\/a><\/h3><h3>Email:\u00a0<a href=\"mailto:carpatclean.office@gmail.com\">carpatclean.office@gmail.com<\/a><\/h3>\t\t\t\t\t\t\t\t<\/div>\n\t\t\t\t\t<\/div>\n\t\t\t\t<\/div>\n\t\t<div class=\"elementor-element elementor-element-4f641ad e-flex e-con-boxed e-con e-parent\" data-id=\"4f641ad\" data-element_type=\"container\">\n\t\t\t\t\t<div class=\"e-con-inner\">\n\t\t\t\t<div class=\"elementor-element elementor-element-271ecd3 elementor-widget-divider--view-line elementor-widget elementor-widget-divider\" data-id=\"271ecd3\" data-element_type=\"widget\" data-widget_type=\"divider.default\">\n\t\t\t\t\t\t\t<div class=\"elementor-divider\">\n\t\t\t<span class=\"elementor-divider-separator\">\n\t\t\t\t\t\t<\/span>\n\t\t<\/div>\n\t\t\t\t\t\t<\/div>\n\t\t\t\t\t<\/div>\n\t\t\t\t<\/div>\n\t\t<div class=\"elementor-element elementor-element-02541cd e-flex e-con-boxed e-con e-parent\" data-id=\"02541cd\" data-element_type=\"container\">\n\t\t\t\t\t<div class=\"e-con-inner\">\n\t\t\t\t<div class=\"elementor-element elementor-element-2027ac0 elementor-widget elementor-widget-google_maps\" data-id=\"2027ac0\" data-element_type=\"widget\" data-widget_type=\"google_maps.default\">\n\t\t\t\t\t\t\t<div class=\"elementor-custom-embed\">\n\t\t\t<iframe loading=\"lazy\"\n\t\t\t\t\tsrc=\"https:\/\/maps.google.com\/maps?q=sepsiszentGyorgy&#038;t=m&#038;z=12&#038;output=embed&#038;iwloc=near\"\n\t\t\t\t\ttitle=\"sepsiszentGyorgy\"\n\t\t\t\t\taria-label=\"sepsiszentGyorgy\"\n\t\t\t><\/iframe>\n\t\t<\/div>\n\t\t\t\t\t\t<\/div>\n\t\t\t\t\t<\/div>\n\t\t\t\t<\/div>\n\t\t\t\t<\/div>\n\t\t","protected":false},"excerpt":{"rendered":"<p>Contact Oferim servicii \u00een jude\u021bele Covasna Harghita \u0219i Bra\u0219ov Pentru proiecte mai mari, ne deplas\u0103m la nivel na\u021bional. Preview Only R\u0103spundem tuturor solicit\u0103rilor \u00een termen de 24 de ore. Telefon:\u00a00725 984 984 Email:\u00a0carpatclean.office@gmail.com<\/p>\n","protected":false},"author":1,"featured_media":0,"parent":0,"menu_order":0,"comment_status":"closed","ping_status":"closed","template":"","meta":{"footnotes":""},"class_list":["post-1567","page","type-page","status-publish","hentry"],"blocksy_meta":[],"yoast_head":"<!-- This site is optimized with the Yoast SEO plugin v24.8.1 - https:\/\/yoast.com\/wordpress\/plugins\/seo\/ -->\n<title>Contact - Servicii de cur\u0103\u021benie zilnic\u0103 sau ocazional\u0103 pentru afaceri<\/title>\n<meta name=\"robots\" content=\"index, follow, max-snippet:-1, max-image-preview:large, max-video-preview:-1\" \/>\n<link rel=\"canonical\" href=\"https:\/\/carpatclean.ro\/ro\/contact\/\" \/>\n<meta property=\"og:locale\" content=\"ro_RO\" \/>\n<meta property=\"og:type\" content=\"article\" \/>\n<meta property=\"og:title\" content=\"Contact - Servicii de cur\u0103\u021benie zilnic\u0103 sau ocazional\u0103 pentru afaceri\" \/>\n<meta property=\"og:url\" content=\"https:\/\/carpatclean.ro\/ro\/contact\/\" \/>\n<meta property=\"og:site_name\" content=\"Carpat Clean\" \/>\n<meta property=\"article:publisher\" content=\"https:\/\/www.facebook.com\/profile.php?id=61561388845533\" \/>\n<meta property=\"article:modified_time\" content=\"2025-05-28T14:25:00+00:00\" \/>\n<meta name=\"twitter:card\" content=\"summary_large_image\" \/>\n<meta name=\"twitter:label1\" content=\"Timp estimat pentru citire\" \/>\n\t<meta name=\"twitter:data1\" content=\"1 minut\" \/>\n<script type=\"application\/ld+json\" class=\"yoast-schema-graph\">{\"@context\":\"https:\/\/schema.org\",\"@graph\":[{\"@type\":\"WebPage\",\"@id\":\"https:\/\/carpatclean.ro\/ro\/ro\/contact\/\",\"url\":\"https:\/\/carpatclean.ro\/ro\/ro\/contact\/\",\"name\":\"Contact - Servicii de cur\u0103\u021benie zilnic\u0103 sau ocazional\u0103 pentru afaceri\",\"isPartOf\":{\"@id\":\"https:\/\/carpatclean.ro\/#website\"},\"datePublished\":\"2025-03-21T13:38:35+00:00\",\"dateModified\":\"2025-05-28T14:25:00+00:00\",\"description\":\"Contact Oferim servicii \u00een jude\u021bele Covasna Harghita \u0219i Bra\u0219ov Pentru proiecte mai mari, ne deplas\u0103m la nivel na\u021bional. Preview Only R\u0103spundem tuturor\",\"breadcrumb\":{\"@id\":\"https:\/\/carpatclean.ro\/ro\/contact\/#breadcrumb\"},\"inLanguage\":\"ro-RO\",\"potentialAction\":[{\"@type\":\"ReadAction\",\"target\":[\"https:\/\/carpatclean.ro\/ro\/contact\/\"]}]},{\"@type\":\"BreadcrumbList\",\"@id\":\"https:\/\/carpatclean.ro\/ro\/contact\/#breadcrumb\",\"itemListElement\":[{\"@type\":\"ListItem\",\"position\":1,\"name\":\"Carpat Clean\",\"item\":\"https:\/\/carpatclean.ro\/\"},{\"@type\":\"ListItem\",\"position\":2,\"name\":\"Contact\"}]},{\"@type\":\"WebSite\",\"@id\":\"https:\/\/carpatclean.ro\/ro\/#website\",\"url\":\"https:\/\/carpatclean.ro\/ro\/\",\"name\":\"Carpat Clean\",\"description\":\"Servicii de cur\u0103\u021benie zilnic\u0103 sau ocazional\u0103 pentru afaceri\",\"publisher\":{\"@id\":\"https:\/\/carpatclean.ro\/ro\/#organization\"},\"potentialAction\":[{\"@type\":\"SearchAction\",\"target\":{\"@type\":\"EntryPoint\",\"urlTemplate\":\"https:\/\/carpatclean.ro\/ro\/?s={search_term_string}\"},\"query-input\":{\"@type\":\"PropertyValueSpecification\",\"valueRequired\":true,\"valueName\":\"search_term_string\"}}],\"inLanguage\":\"ro-RO\"},{\"@type\":\"Organization\",\"@id\":\"https:\/\/carpatclean.ro\/ro\/#organization\",\"name\":\"Carpat Clean SRL\",\"url\":\"https:\/\/carpatclean.ro\/ro\/\",\"logo\":{\"@type\":\"ImageObject\",\"inLanguage\":\"ro-RO\",\"@id\":\"https:\/\/carpatclean.ro\/ro\/#\/schema\/logo\/image\/\",\"url\":\"https:\/\/carpatclean.ro\/wp-content\/uploads\/2025\/03\/Abstract-Mountain-Logo-1-Photoroom-1.png\",\"contentUrl\":\"https:\/\/carpatclean.ro\/wp-content\/uploads\/2025\/03\/Abstract-Mountain-Logo-1-Photoroom-1.png\",\"width\":2301,\"height\":945,\"caption\":\"Carpat Clean SRL\"},\"image\":{\"@id\":\"https:\/\/carpatclean.ro\/ro\/#\/schema\/logo\/image\/\"},\"sameAs\":[\"https:\/\/www.facebook.com\/profile.php?id=61561388845533\"]}]}<\/script>\n<!-- \/ Yoast SEO plugin. -->","yoast_head_json":{"title":"Contact - Servicii de cur\u0103\u021benie zilnic\u0103 sau ocazional\u0103 pentru afaceri","robots":{"index":"index","follow":"follow","max-snippet":"max-snippet:-1","max-image-preview":"max-image-preview:large","max-video-preview":"max-video-preview:-1"},"canonical":"https:\/\/carpatclean.ro\/ro\/contact\/","og_locale":"ro_RO","og_type":"article","og_title":"Contact - Servicii de cur\u0103\u021benie zilnic\u0103 sau ocazional\u0103 pentru afaceri","og_url":"https:\/\/carpatclean.ro\/ro\/contact\/","og_site_name":"Carpat Clean","article_publisher":"https:\/\/www.facebook.com\/profile.php?id=61561388845533","article_modified_time":"2025-05-28T14:25:00+00:00","twitter_card":"summary_large_image","twitter_misc":{"Timp estimat pentru citire":"1 minut"},"schema":{"@context":"https:\/\/schema.org","@graph":[{"@type":"WebPage","@id":"https:\/\/carpatclean.ro\/ro\/ro\/contact\/","url":"https:\/\/carpatclean.ro\/ro\/ro\/contact\/","name":"Contact - Servicii de cur\u0103\u021benie zilnic\u0103 sau ocazional\u0103 pentru afaceri","isPartOf":{"@id":"https:\/\/carpatclean.ro\/#website"},"datePublished":"2025-03-21T13:38:35+00:00","dateModified":"2025-05-28T14:25:00+00:00","description":"Contact Oferim servicii \u00een jude\u021bele Covasna Harghita \u0219i Bra\u0219ov Pentru proiecte mai mari, ne deplas\u0103m la nivel na\u021bional. Preview Only R\u0103spundem tuturor","breadcrumb":{"@id":"https:\/\/carpatclean.ro\/ro\/contact\/#breadcrumb"},"inLanguage":"ro-RO","potentialAction":[{"@type":"ReadAction","target":["https:\/\/carpatclean.ro\/ro\/contact\/"]}]},{"@type":"BreadcrumbList","@id":"https:\/\/carpatclean.ro\/ro\/contact\/#breadcrumb","itemListElement":[{"@type":"ListItem","position":1,"name":"Carpat Clean","item":"https:\/\/carpatclean.ro\/"},{"@type":"ListItem","position":2,"name":"Contact"}]},{"@type":"WebSite","@id":"https:\/\/carpatclean.ro\/ro\/#website","url":"https:\/\/carpatclean.ro\/ro\/","name":"Carpat Clean","description":"Servicii de cur\u0103\u021benie zilnic\u0103 sau ocazional\u0103 pentru afaceri","publisher":{"@id":"https:\/\/carpatclean.ro\/ro\/#organization"},"potentialAction":[{"@type":"SearchAction","target":{"@type":"EntryPoint","urlTemplate":"https:\/\/carpatclean.ro\/ro\/?s={search_term_string}"},"query-input":{"@type":"PropertyValueSpecification","valueRequired":true,"valueName":"search_term_string"}}],"inLanguage":"ro-RO"},{"@type":"Organization","@id":"https:\/\/carpatclean.ro\/ro\/#organization","name":"Carpat Clean SRL","url":"https:\/\/carpatclean.ro\/ro\/","logo":{"@type":"ImageObject","inLanguage":"ro-RO","@id":"https:\/\/carpatclean.ro\/ro\/#\/schema\/logo\/image\/","url":"https:\/\/carpatclean.ro\/wp-content\/uploads\/2025\/03\/Abstract-Mountain-Logo-1-Photoroom-1.png","contentUrl":"https:\/\/carpatclean.ro\/wp-content\/uploads\/2025\/03\/Abstract-Mountain-Logo-1-Photoroom-1.png","width":2301,"height":945,"caption":"Carpat Clean SRL"},"image":{"@id":"https:\/\/carpatclean.ro\/ro\/#\/schema\/logo\/image\/"},"sameAs":["https:\/\/www.facebook.com\/profile.php?id=61561388845533"]}]}},"_links":{"self":[{"href":"https:\/\/carpatclean.ro\/ro\/wp-json\/wp\/v2\/pages\/1567","targetHints":{"allow":["GET"]}}],"collection":[{"href":"https:\/\/carpatclean.ro\/ro\/wp-json\/wp\/v2\/pages"}],"about":[{"href":"https:\/\/carpatclean.ro\/ro\/wp-json\/wp\/v2\/types\/page"}],"author":[{"embeddable":true,"href":"https:\/\/carpatclean.ro\/ro\/wp-json\/wp\/v2\/users\/1"}],"replies":[{"embeddable":true,"href":"https:\/\/carpatclean.ro\/ro\/wp-json\/wp\/v2\/comments?post=1567"}],"version-history":[{"count":20,"href":"https:\/\/carpatclean.ro\/ro\/wp-json\/wp\/v2\/pages\/1567\/revisions"}],"predecessor-version":[{"id":2026,"href":"https:\/\/carpatclean.ro\/ro\/wp-json\/wp\/v2\/pages\/1567\/revisions\/2026"}],"wp:attachment":[{"href":"https:\/\/carpatclean.ro\/ro\/wp-json\/wp\/v2\/media?parent=1567"}],"curies":[{"name":"wp","href":"https:\/\/api.w.org\/{rel}","templated":true}]}}